{"id":1385,"date":"2026-03-23T14:43:01","date_gmt":"2026-03-23T13:43:01","guid":{"rendered":"https:\/\/lamainnoire.preprod.andycamicci.fr\/?page_id=1385"},"modified":"2026-03-24T15:07:34","modified_gmt":"2026-03-24T14:07:34","slug":"contact","status":"publish","type":"page","link":"https:\/\/lamainnoirecollective.com\/en\/contact\/","title":{"rendered":"Contact"},"content":{"rendered":"<section id=\"ac-block_f30a0f9cf4f824213011bc4791a41066\" class=\"block-lmn-contact-form\">\r\n\r\n    <div class=\"container-full\">\r\n\r\n        <div class=\"columns\">\r\n\r\n            <div class=\"image-column\">\r\n                <div class=\"image\">\r\n                    <img decoding=\"async\" src=\"https:\/\/lamainnoirecollective.com\/wp-content\/uploads\/2025\/12\/quote-ryan-tinified-1024x600.jpg\" alt=\"Personne pr\u00e9parant des boissons derri\u00e8re un comptoir de coffee shop, entour\u00e9e de plantes et de vaisselle\" >                <\/div>\r\n\r\n                <h1 class=\"main-title\">Vous pouvez aussi nous <br \/>\r\nretrouver :<\/h1>\r\n\r\n                                    <div class=\"links\">\r\n                                                                                <a href=\"https:\/\/www.instagram.com\/la.main.noire\" target=\"_blank\">\r\n                                <span class=\"icon\">\r\n                                    <img decoding=\"async\" src=\"https:\/\/lamainnoirecollective.com\/wp-content\/uploads\/2026\/03\/instagram.svg\" alt=\"\" >                                <\/span>\r\n\r\n                                @la.main.noire                            <\/a>\r\n                                                                                <a href=\"https:\/\/fb.com\/lamainnoirecollective\" target=\"_blank\">\r\n                                <span class=\"icon\">\r\n                                    <img decoding=\"async\" src=\"https:\/\/lamainnoirecollective.com\/wp-content\/uploads\/2026\/03\/facebook.svg\" alt=\"\" >                                <\/span>\r\n\r\n                                https:\/\/fb.com\/lamainnoirecollective                            <\/a>\r\n                                                                                <a href=\"https:\/\/maps.app.goo.gl\/rGSPaXisLCgcefUh8\" target=\"_blank\">\r\n                                <span class=\"icon\">\r\n                                    <img decoding=\"async\" src=\"https:\/\/lamainnoirecollective.com\/wp-content\/uploads\/2026\/03\/marker.svg\" alt=\"\" >                                <\/span>\r\n\r\n                                La Main Noire Lab &#038; Coffee Shop 12 rue Cavallotti, 18\u00e8me Paris                            <\/a>\r\n                                            <\/div>\r\n                                \r\n            <\/div>\r\n\r\n            <div class=\"form-column\">\r\n\r\n                <div class=\"content-container\">\r\n\r\n                    <div class=\"form-container\">\r\n    \r\n                                                    <div class=\"form-title\">\r\n                                <h2>Nous sommes \u00e0 votre \u00e9coute<\/h2>\n<p>Pour toute commande ou demande d\u2019informations, veuillez renseigner les champs ci-dessous. Vous serez redirig\u00e9 vers le service correspondant \u00e0 votre demande.<\/p>\n                            <\/div>\r\n                        \r\n                        \n<div class=\"wpcf7 no-js\" id=\"wpcf7-f1386-o1\" lang=\"fr-FR\" dir=\"ltr\" data-wpcf7-id=\"1386\">\n<div class=\"screen-reader-response\"><p role=\"status\" aria-live=\"polite\" aria-atomic=\"true\"><\/p> <ul><\/ul><\/div>\n<form action=\"\/en\/wp-json\/wp\/v2\/pages\/1385#wpcf7-f1386-o1\" method=\"post\" class=\"wpcf7-form init\" aria-label=\"Formulaire de contact\" novalidate=\"novalidate\" data-status=\"init\" data-trp-original-action=\"\/en\/wp-json\/wp\/v2\/pages\/1385#wpcf7-f1386-o1\">\n<fieldset class=\"hidden-fields-container\"><input type=\"hidden\" name=\"_wpcf7\" value=\"1386\" \/><input type=\"hidden\" name=\"_wpcf7_version\" value=\"6.1.4\" \/><input type=\"hidden\" name=\"_wpcf7_locale\" value=\"fr_FR\" \/><input type=\"hidden\" name=\"_wpcf7_unit_tag\" value=\"wpcf7-f1386-o1\" \/><input type=\"hidden\" name=\"_wpcf7_container_post\" value=\"0\" \/><input type=\"hidden\" name=\"_wpcf7_posted_data_hash\" value=\"\" \/>\n<\/fieldset>\n<div class=\"form-row\">\n\t<div class=\"form-item\">\n\t\t<p><span class=\"wpcf7-form-control-wrap\" data-name=\"lastname\"><input size=\"40\" maxlength=\"400\" class=\"wpcf7-form-control wpcf7-text wpcf7-validates-as-required\" autocomplete=\"name\" aria-required=\"true\" aria-invalid=\"false\" placeholder=\"Nom\" value=\"\" type=\"text\" name=\"lastname\" \/><\/span>\n\t\t<\/p>\n\t<\/div>\n\t<div class=\"form-item\">\n\t\t<p><span class=\"wpcf7-form-control-wrap\" data-name=\"firstname\"><input size=\"40\" maxlength=\"400\" class=\"wpcf7-form-control wpcf7-text wpcf7-validates-as-required\" aria-required=\"true\" aria-invalid=\"false\" placeholder=\"Pr\u00e9nom\" value=\"\" type=\"text\" name=\"firstname\" \/><\/span>\n\t\t<\/p>\n\t<\/div>\n<\/div>\n<div class=\"form-row\">\n\t<div class=\"form-item\">\n\t\t<p><span class=\"wpcf7-form-control-wrap\" data-name=\"email\"><input size=\"40\" maxlength=\"400\" class=\"wpcf7-form-control wpcf7-email wpcf7-validates-as-required wpcf7-text wpcf7-validates-as-email\" autocomplete=\"email\" aria-required=\"true\" aria-invalid=\"false\" placeholder=\"Email\" value=\"\" type=\"email\" name=\"email\" \/><\/span>\n\t\t<\/p>\n\t<\/div>\n<\/div>\n<div class=\"form-row\">\n\t<div class=\"form-item\">\n\t\t<p><span class=\"wpcf7-form-control-wrap\" data-name=\"subject\"><select class=\"wpcf7-form-control wpcf7-select wpcf7-validates-as-required\" aria-required=\"true\" aria-invalid=\"false\" name=\"subject\"><option value=\"Demande professionnelle\">Demande professionnelle<\/option><option value=\"Question sur un produit\">Question sur un produit<\/option><option value=\"Question sur une commande\">Question sur une commande<\/option><option value=\"Service Apr\u00e8s-vente\">Service Apr\u00e8s-vente<\/option><option value=\"Comptabilit\u00e9\">Comptabilit\u00e9<\/option><option value=\"Collaboration \/ relation presse\">Collaboration \/ relation presse<\/option><\/select><\/span>\n\t\t<\/p>\n\t<\/div>\n<\/div>\n<div class=\"form-row\">\n\t<div class=\"form-item\">\n\t\t<p><span class=\"wpcf7-form-control-wrap\" data-name=\"title\"><input size=\"40\" maxlength=\"400\" class=\"wpcf7-form-control wpcf7-text wpcf7-validates-as-required\" aria-required=\"true\" aria-invalid=\"false\" placeholder=\"Objet\" value=\"\" type=\"text\" name=\"title\" \/><\/span>\n\t\t<\/p>\n\t<\/div>\n<\/div>\n<div class=\"form-row\">\n\t<div class=\"form-item\">\n\t\t<p><span class=\"wpcf7-form-control-wrap\" data-name=\"message\"><textarea cols=\"40\" rows=\"10\" maxlength=\"2000\" class=\"wpcf7-form-control wpcf7-textarea wpcf7-validates-as-required\" aria-required=\"true\" aria-invalid=\"false\" placeholder=\"Message\" name=\"message\"><\/textarea><\/span>\n\t\t<\/p>\n\t<\/div>\n<\/div>\n<div class=\"form-row\">\n\t<div class=\"form-item\">\n\t\t<p><button type=\"submit\">Envoyer<\/button>\n\t\t<\/p>\n\t<\/div>\n<\/div><div class=\"wpcf7-response-output\" aria-hidden=\"true\"><\/div>\n<input type=\"hidden\" name=\"trp-form-language\" value=\"en\"\/><\/form>\n<\/div>\n                        \r\n                    <\/div>\r\n\r\n                <\/div>\r\n\r\n                \r\n            <\/div>\r\n            \r\n        <\/div>\r\n\r\n    <\/div>\r\n\r\n\r\n<\/section>","protected":false},"excerpt":{"rendered":"","protected":false},"author":1,"featured_media":0,"parent":0,"menu_order":0,"comment_status":"closed","ping_status":"closed","template":"","meta":{"_acf_changed":false,"footnotes":""},"class_list":["post-1385","page","type-page","status-publish","hentry"],"acf":[],"yoast_head":"<!-- This site is optimized with the Yoast SEO plugin v26.7 - https:\/\/yoast.com\/wordpress\/plugins\/seo\/ -->\n<title>Contact - La Main Noire<\/title>\n<meta name=\"robots\" content=\"index, follow, max-snippet:-1, max-image-preview:large, max-video-preview:-1\" \/>\n<link rel=\"canonical\" href=\"https:\/\/lamainnoirecollective.com\/en\/contact\/\" \/>\n<meta property=\"og:locale\" content=\"en_GB\" \/>\n<meta property=\"og:type\" content=\"article\" \/>\n<meta property=\"og:title\" content=\"Contact - La Main Noire\" \/>\n<meta property=\"og:url\" content=\"https:\/\/lamainnoirecollective.com\/en\/contact\/\" \/>\n<meta property=\"og:site_name\" content=\"La Main Noire\" \/>\n<meta property=\"article:modified_time\" content=\"2026-03-24T14:07:34+00:00\" \/>\n<meta name=\"twitter:card\" content=\"summary_large_image\" \/>\n<script type=\"application\/ld+json\" class=\"yoast-schema-graph\">{\"@context\":\"https:\/\/schema.org\",\"@graph\":[{\"@type\":\"WebPage\",\"@id\":\"https:\/\/lamainnoirecollective.com\/contact\/\",\"url\":\"https:\/\/lamainnoirecollective.com\/contact\/\",\"name\":\"Contact - La Main Noire\",\"isPartOf\":{\"@id\":\"https:\/\/lamainnoirecollective.com\/#website\"},\"datePublished\":\"2026-03-23T13:43:01+00:00\",\"dateModified\":\"2026-03-24T14:07:34+00:00\",\"breadcrumb\":{\"@id\":\"https:\/\/lamainnoirecollective.com\/contact\/#breadcrumb\"},\"inLanguage\":\"en-GB\",\"potentialAction\":[{\"@type\":\"ReadAction\",\"target\":[\"https:\/\/lamainnoirecollective.com\/contact\/\"]}]},{\"@type\":\"BreadcrumbList\",\"@id\":\"https:\/\/lamainnoirecollective.com\/contact\/#breadcrumb\",\"itemListElement\":[{\"@type\":\"ListItem\",\"position\":1,\"name\":\"Accueil\",\"item\":\"https:\/\/lamainnoirecollective.com\/\"},{\"@type\":\"ListItem\",\"position\":2,\"name\":\"Contact\"}]},{\"@type\":\"WebSite\",\"@id\":\"https:\/\/lamainnoirecollective.com\/#website\",\"url\":\"https:\/\/lamainnoirecollective.com\/\",\"name\":\"La Main Noire\",\"description\":\"Innovative products for inspired people\",\"publisher\":{\"@id\":\"https:\/\/lamainnoirecollective.com\/#organization\"},\"potentialAction\":[{\"@type\":\"SearchAction\",\"target\":{\"@type\":\"EntryPoint\",\"urlTemplate\":\"https:\/\/lamainnoirecollective.com\/?s={search_term_string}\"},\"query-input\":{\"@type\":\"PropertyValueSpecification\",\"valueRequired\":true,\"valueName\":\"search_term_string\"}}],\"inLanguage\":\"en-GB\"},{\"@type\":\"Organization\",\"@id\":\"https:\/\/lamainnoirecollective.com\/#organization\",\"name\":\"La Main Noire\",\"url\":\"https:\/\/lamainnoirecollective.com\/\",\"logo\":{\"@type\":\"ImageObject\",\"inLanguage\":\"en-GB\",\"@id\":\"https:\/\/lamainnoirecollective.com\/#\/schema\/logo\/image\/\",\"url\":\"https:\/\/lamainnoirecollective.com\/wp-content\/uploads\/2025\/12\/logo-la-main-noire.png\",\"contentUrl\":\"https:\/\/lamainnoirecollective.com\/wp-content\/uploads\/2025\/12\/logo-la-main-noire.png\",\"width\":92,\"height\":124,\"caption\":\"La Main Noire\"},\"image\":{\"@id\":\"https:\/\/lamainnoirecollective.com\/#\/schema\/logo\/image\/\"}}]}<\/script>\n<!-- \/ Yoast SEO plugin. -->","yoast_head_json":{"title":"Contact - La Main Noire","robots":{"index":"index","follow":"follow","max-snippet":"max-snippet:-1","max-image-preview":"max-image-preview:large","max-video-preview":"max-video-preview:-1"},"canonical":"https:\/\/lamainnoirecollective.com\/en\/contact\/","og_locale":"en_GB","og_type":"article","og_title":"Contact - La Main Noire","og_url":"https:\/\/lamainnoirecollective.com\/en\/contact\/","og_site_name":"La Main Noire","article_modified_time":"2026-03-24T14:07:34+00:00","twitter_card":"summary_large_image","schema":{"@context":"https:\/\/schema.org","@graph":[{"@type":"WebPage","@id":"https:\/\/lamainnoirecollective.com\/contact\/","url":"https:\/\/lamainnoirecollective.com\/contact\/","name":"Contact - La Main Noire","isPartOf":{"@id":"https:\/\/lamainnoirecollective.com\/#website"},"datePublished":"2026-03-23T13:43:01+00:00","dateModified":"2026-03-24T14:07:34+00:00","breadcrumb":{"@id":"https:\/\/lamainnoirecollective.com\/contact\/#breadcrumb"},"inLanguage":"en-GB","potentialAction":[{"@type":"ReadAction","target":["https:\/\/lamainnoirecollective.com\/contact\/"]}]},{"@type":"BreadcrumbList","@id":"https:\/\/lamainnoirecollective.com\/contact\/#breadcrumb","itemListElement":[{"@type":"ListItem","position":1,"name":"Accueil","item":"https:\/\/lamainnoirecollective.com\/"},{"@type":"ListItem","position":2,"name":"Contact"}]},{"@type":"WebSite","@id":"https:\/\/lamainnoirecollective.com\/#website","url":"https:\/\/lamainnoirecollective.com\/","name":"The Black Hand","description":"Innovative products for inspired people","publisher":{"@id":"https:\/\/lamainnoirecollective.com\/#organization"},"potentialAction":[{"@type":"SearchAction","target":{"@type":"EntryPoint","urlTemplate":"https:\/\/lamainnoirecollective.com\/?s={search_term_string}"},"query-input":{"@type":"PropertyValueSpecification","valueRequired":true,"valueName":"search_term_string"}}],"inLanguage":"en-GB"},{"@type":"Organization","@id":"https:\/\/lamainnoirecollective.com\/#organization","name":"The Black Hand","url":"https:\/\/lamainnoirecollective.com\/","logo":{"@type":"ImageObject","inLanguage":"en-GB","@id":"https:\/\/lamainnoirecollective.com\/#\/schema\/logo\/image\/","url":"https:\/\/lamainnoirecollective.com\/wp-content\/uploads\/2025\/12\/logo-la-main-noire.png","contentUrl":"https:\/\/lamainnoirecollective.com\/wp-content\/uploads\/2025\/12\/logo-la-main-noire.png","width":92,"height":124,"caption":"La Main Noire"},"image":{"@id":"https:\/\/lamainnoirecollective.com\/#\/schema\/logo\/image\/"}}]}},"_links":{"self":[{"href":"https:\/\/lamainnoirecollective.com\/en\/wp-json\/wp\/v2\/pages\/1385","targetHints":{"allow":["GET"]}}],"collection":[{"href":"https:\/\/lamainnoirecollective.com\/en\/wp-json\/wp\/v2\/pages"}],"about":[{"href":"https:\/\/lamainnoirecollective.com\/en\/wp-json\/wp\/v2\/types\/page"}],"author":[{"embeddable":true,"href":"https:\/\/lamainnoirecollective.com\/en\/wp-json\/wp\/v2\/users\/1"}],"replies":[{"embeddable":true,"href":"https:\/\/lamainnoirecollective.com\/en\/wp-json\/wp\/v2\/comments?post=1385"}],"version-history":[{"count":3,"href":"https:\/\/lamainnoirecollective.com\/en\/wp-json\/wp\/v2\/pages\/1385\/revisions"}],"predecessor-version":[{"id":1474,"href":"https:\/\/lamainnoirecollective.com\/en\/wp-json\/wp\/v2\/pages\/1385\/revisions\/1474"}],"wp:attachment":[{"href":"https:\/\/lamainnoirecollective.com\/en\/wp-json\/wp\/v2\/media?parent=1385"}],"curies":[{"name":"wp","href":"https:\/\/api.w.org\/{rel}","templated":true}]}}