{"id":2172,"date":"2026-04-02T16:38:25","date_gmt":"2026-04-02T14:38:25","guid":{"rendered":"https:\/\/lamainnoirecollective.com\/?page_id=2172"},"modified":"2026-04-02T16:38:26","modified_gmt":"2026-04-02T14:38:26","slug":"conditions-de-livraison","status":"publish","type":"page","link":"https:\/\/lamainnoirecollective.com\/en\/conditions-de-livraison\/","title":{"rendered":"Delivery Conditions"},"content":{"rendered":"<div \r\n    id=\"ac-block_e9db0e43b29d2f83165c5cfbf41f974b\" \r\n    class=\"block-lmn-spacing spacing-100\" \r\n    ><\/div>\r\n\n\n\r\n<section id=\"ac-block_03a445c73e87462d9d22aae2adfd017f\" class=\"block-lmn-page-title-simple\">\r\n\r\n    <div class=\"container\">\r\n\r\n        <div class=\"container--inner\">\r\n\r\n                    \r\n            <h1 class=\"title\">Conditions de livraison pour les particuliers<\/h1>\r\n    \r\n                    <\/div>\r\n    <\/div>\r\n    \r\n<\/section>\r\n\n\n\r\n<div \r\n    id=\"ac-block_e9db0e43b29d2f83165c5cfbf41f974b\" \r\n    class=\"block-lmn-spacing spacing-100\" \r\n    ><\/div>\r\n\n\n\r\n<section id=\"ac-block_067c80f243051582bf81a7e918748850\" class=\"block-lmn-simple-content\">\r\n\r\n            \r\n        \r\n    <div class=\"container container-small\">\r\n        <div class=\"content-container\">\r\n            <p style=\"text-align: center;\">Les prises de commandes se terminent \u00e0 minuit les dimanches, lundis et mercredis pour une expedition par A pour C ; soit les mardis, mercredis et vendredis.<\/p>\n<p style=\"text-align: center;\">Les enl\u00e8vements de commandes s\u2019effectuent les mardis, mercredis et vendredis.<\/p>\n<p style=\"text-align: center;\">Les d\u00e9lais de livraison en France et en Europe sont entre 2 et 4 jours ouvr\u00e9s.<\/p>\n<p style=\"text-align: center;\"><span style=\"text-decoration: underline;\"><strong>Options et frais de livraison :<\/strong><\/span><\/p>\n<p style=\"text-align: center;\"><img loading=\"lazy\" decoding=\"async\" class=\"alignnone wp-image-2173 size-large\" src=\"https:\/\/lamainnoirecollective.com\/wp-content\/uploads\/2026\/04\/Capture-decran-2024-11-14-a-16.21.37-1024x651.png\" alt=\"\" width=\"1024\" height=\"651\" srcset=\"https:\/\/lamainnoirecollective.com\/wp-content\/uploads\/2026\/04\/Capture-decran-2024-11-14-a-16.21.37-1024x651.png 1024w, https:\/\/lamainnoirecollective.com\/wp-content\/uploads\/2026\/04\/Capture-decran-2024-11-14-a-16.21.37-300x191.png 300w, https:\/\/lamainnoirecollective.com\/wp-content\/uploads\/2026\/04\/Capture-decran-2024-11-14-a-16.21.37-768x488.png 768w, https:\/\/lamainnoirecollective.com\/wp-content\/uploads\/2026\/04\/Capture-decran-2024-11-14-a-16.21.37-18x12.png 18w, https:\/\/lamainnoirecollective.com\/wp-content\/uploads\/2026\/04\/Capture-decran-2024-11-14-a-16.21.37-600x381.png 600w, https:\/\/lamainnoirecollective.com\/wp-content\/uploads\/2026\/04\/Capture-decran-2024-11-14-a-16.21.37.png 1356w\" sizes=\"auto, (max-width: 1024px) 100vw, 1024px\" \/><\/p>\n<p style=\"text-align: center;\">Click &amp; Collect \u00e0 la boutique Lab &amp; Coffee Shop de La Main Noire situ\u00e9e au 12 rue Cavallotti 75018 Paris : gratuit.<\/p>\n<p style=\"text-align: center;\"><strong>Les frais de livraison sont offerts \u00e0 partir de 60\u20ac d\u2019achat.<\/strong><\/p>\n<p style=\"text-align: center;\"><span style=\"text-decoration: underline;\">En Europe ( Sauf Suisse et Norv\u00e8ge) :<br \/>\n<\/span>Les frais de livraison sont \u00e0 10\u20ac (pas de minimum de commande).<\/p>\n<p style=\"text-align: center;\"><span style=\"text-decoration: underline;\">Suisse, Islande et Norv\u00e8ge :<\/span><br \/>\nLes frais de livraison sont \u00e0 15\u20ac (pas de minimum de commande).<\/p>\n<p style=\"text-align: center;\">Toutes commandes pour envoi en DOM-TOM ou hors d\u2019Europe sont \u00e0 la charge du client, merci de nous faire votre demande par email \u00e0 contact@lamainnoirecollective.com.<\/p>\n<p style=\"text-align: center;\"><span style=\"text-decoration: underline;\"><strong>D\u00e9lai de r\u00e9clamation :<\/strong><\/span><\/p>\n<p style=\"text-align: center;\">LA MAIN NOIRE vous informe que le d\u00e9lais de r\u00e9clamation apr\u00e8s r\u00e9ception et\/ou jour de r\u00e9ception pr\u00e9vu est de 48hrs<\/p>\n        <\/div>\r\n    <\/div>\r\n    \r\n<\/section>","protected":false},"excerpt":{"rendered":"","protected":false},"author":1,"featured_media":0,"parent":0,"menu_order":0,"comment_status":"closed","ping_status":"closed","template":"","meta":{"_acf_changed":false,"footnotes":""},"class_list":["post-2172","page","type-page","status-publish","hentry"],"acf":[],"yoast_head":"<!-- This site is optimized with the Yoast SEO plugin v26.7 - https:\/\/yoast.com\/wordpress\/plugins\/seo\/ -->\n<title>Conditions de Livraison - La Main Noire<\/title>\n<meta name=\"robots\" content=\"index, follow, max-snippet:-1, max-image-preview:large, max-video-preview:-1\" \/>\n<link rel=\"canonical\" href=\"https:\/\/lamainnoirecollective.com\/en\/conditions-de-livraison\/\" \/>\n<meta property=\"og:locale\" content=\"en_GB\" \/>\n<meta property=\"og:type\" content=\"article\" \/>\n<meta property=\"og:title\" content=\"Conditions de Livraison - La Main Noire\" \/>\n<meta property=\"og:url\" content=\"https:\/\/lamainnoirecollective.com\/en\/conditions-de-livraison\/\" \/>\n<meta property=\"og:site_name\" content=\"La Main Noire\" \/>\n<meta property=\"article:modified_time\" content=\"2026-04-02T14:38:26+00:00\" \/>\n<meta name=\"twitter:card\" content=\"summary_large_image\" \/>\n<script type=\"application\/ld+json\" class=\"yoast-schema-graph\">{\"@context\":\"https:\/\/schema.org\",\"@graph\":[{\"@type\":\"WebPage\",\"@id\":\"https:\/\/lamainnoirecollective.com\/conditions-de-livraison\/\",\"url\":\"https:\/\/lamainnoirecollective.com\/conditions-de-livraison\/\",\"name\":\"Conditions de Livraison - La Main Noire\",\"isPartOf\":{\"@id\":\"https:\/\/lamainnoirecollective.com\/#website\"},\"datePublished\":\"2026-04-02T14:38:25+00:00\",\"dateModified\":\"2026-04-02T14:38:26+00:00\",\"breadcrumb\":{\"@id\":\"https:\/\/lamainnoirecollective.com\/conditions-de-livraison\/#breadcrumb\"},\"inLanguage\":\"en-GB\",\"potentialAction\":[{\"@type\":\"ReadAction\",\"target\":[\"https:\/\/lamainnoirecollective.com\/conditions-de-livraison\/\"]}]},{\"@type\":\"BreadcrumbList\",\"@id\":\"https:\/\/lamainnoirecollective.com\/conditions-de-livraison\/#breadcrumb\",\"itemListElement\":[{\"@type\":\"ListItem\",\"position\":1,\"name\":\"Accueil\",\"item\":\"https:\/\/lamainnoirecollective.com\/\"},{\"@type\":\"ListItem\",\"position\":2,\"name\":\"Conditions de Livraison\"}]},{\"@type\":\"WebSite\",\"@id\":\"https:\/\/lamainnoirecollective.com\/#website\",\"url\":\"https:\/\/lamainnoirecollective.com\/\",\"name\":\"La Main Noire\",\"description\":\"Innovative products for inspired people\",\"publisher\":{\"@id\":\"https:\/\/lamainnoirecollective.com\/#organization\"},\"potentialAction\":[{\"@type\":\"SearchAction\",\"target\":{\"@type\":\"EntryPoint\",\"urlTemplate\":\"https:\/\/lamainnoirecollective.com\/?s={search_term_string}\"},\"query-input\":{\"@type\":\"PropertyValueSpecification\",\"valueRequired\":true,\"valueName\":\"search_term_string\"}}],\"inLanguage\":\"en-GB\"},{\"@type\":\"Organization\",\"@id\":\"https:\/\/lamainnoirecollective.com\/#organization\",\"name\":\"La Main Noire\",\"url\":\"https:\/\/lamainnoirecollective.com\/\",\"logo\":{\"@type\":\"ImageObject\",\"inLanguage\":\"en-GB\",\"@id\":\"https:\/\/lamainnoirecollective.com\/#\/schema\/logo\/image\/\",\"url\":\"https:\/\/lamainnoirecollective.com\/wp-content\/uploads\/2025\/12\/logo-la-main-noire.png\",\"contentUrl\":\"https:\/\/lamainnoirecollective.com\/wp-content\/uploads\/2025\/12\/logo-la-main-noire.png\",\"width\":92,\"height\":124,\"caption\":\"La Main Noire\"},\"image\":{\"@id\":\"https:\/\/lamainnoirecollective.com\/#\/schema\/logo\/image\/\"}}]}<\/script>\n<!-- \/ Yoast SEO plugin. -->","yoast_head_json":{"title":"Conditions de Livraison - La Main Noire","robots":{"index":"index","follow":"follow","max-snippet":"max-snippet:-1","max-image-preview":"max-image-preview:large","max-video-preview":"max-video-preview:-1"},"canonical":"https:\/\/lamainnoirecollective.com\/en\/conditions-de-livraison\/","og_locale":"en_GB","og_type":"article","og_title":"Conditions de Livraison - La Main Noire","og_url":"https:\/\/lamainnoirecollective.com\/en\/conditions-de-livraison\/","og_site_name":"La Main Noire","article_modified_time":"2026-04-02T14:38:26+00:00","twitter_card":"summary_large_image","schema":{"@context":"https:\/\/schema.org","@graph":[{"@type":"WebPage","@id":"https:\/\/lamainnoirecollective.com\/conditions-de-livraison\/","url":"https:\/\/lamainnoirecollective.com\/conditions-de-livraison\/","name":"Conditions de Livraison - La Main Noire","isPartOf":{"@id":"https:\/\/lamainnoirecollective.com\/#website"},"datePublished":"2026-04-02T14:38:25+00:00","dateModified":"2026-04-02T14:38:26+00:00","breadcrumb":{"@id":"https:\/\/lamainnoirecollective.com\/conditions-de-livraison\/#breadcrumb"},"inLanguage":"en-GB","potentialAction":[{"@type":"ReadAction","target":["https:\/\/lamainnoirecollective.com\/conditions-de-livraison\/"]}]},{"@type":"BreadcrumbList","@id":"https:\/\/lamainnoirecollective.com\/conditions-de-livraison\/#breadcrumb","itemListElement":[{"@type":"ListItem","position":1,"name":"Accueil","item":"https:\/\/lamainnoirecollective.com\/"},{"@type":"ListItem","position":2,"name":"Conditions de Livraison"}]},{"@type":"WebSite","@id":"https:\/\/lamainnoirecollective.com\/#website","url":"https:\/\/lamainnoirecollective.com\/","name":"The Black Hand","description":"Innovative products for inspired people","publisher":{"@id":"https:\/\/lamainnoirecollective.com\/#organization"},"potentialAction":[{"@type":"SearchAction","target":{"@type":"EntryPoint","urlTemplate":"https:\/\/lamainnoirecollective.com\/?s={search_term_string}"},"query-input":{"@type":"PropertyValueSpecification","valueRequired":true,"valueName":"search_term_string"}}],"inLanguage":"en-GB"},{"@type":"Organization","@id":"https:\/\/lamainnoirecollective.com\/#organization","name":"The Black Hand","url":"https:\/\/lamainnoirecollective.com\/","logo":{"@type":"ImageObject","inLanguage":"en-GB","@id":"https:\/\/lamainnoirecollective.com\/#\/schema\/logo\/image\/","url":"https:\/\/lamainnoirecollective.com\/wp-content\/uploads\/2025\/12\/logo-la-main-noire.png","contentUrl":"https:\/\/lamainnoirecollective.com\/wp-content\/uploads\/2025\/12\/logo-la-main-noire.png","width":92,"height":124,"caption":"La Main Noire"},"image":{"@id":"https:\/\/lamainnoirecollective.com\/#\/schema\/logo\/image\/"}}]}},"_links":{"self":[{"href":"https:\/\/lamainnoirecollective.com\/en\/wp-json\/wp\/v2\/pages\/2172","targetHints":{"allow":["GET"]}}],"collection":[{"href":"https:\/\/lamainnoirecollective.com\/en\/wp-json\/wp\/v2\/pages"}],"about":[{"href":"https:\/\/lamainnoirecollective.com\/en\/wp-json\/wp\/v2\/types\/page"}],"author":[{"embeddable":true,"href":"https:\/\/lamainnoirecollective.com\/en\/wp-json\/wp\/v2\/users\/1"}],"replies":[{"embeddable":true,"href":"https:\/\/lamainnoirecollective.com\/en\/wp-json\/wp\/v2\/comments?post=2172"}],"version-history":[{"count":1,"href":"https:\/\/lamainnoirecollective.com\/en\/wp-json\/wp\/v2\/pages\/2172\/revisions"}],"predecessor-version":[{"id":2174,"href":"https:\/\/lamainnoirecollective.com\/en\/wp-json\/wp\/v2\/pages\/2172\/revisions\/2174"}],"wp:attachment":[{"href":"https:\/\/lamainnoirecollective.com\/en\/wp-json\/wp\/v2\/media?parent=2172"}],"curies":[{"name":"wp","href":"https:\/\/api.w.org\/{rel}","templated":true}]}}