{"id":1416,"date":"2026-03-23T15:49:05","date_gmt":"2026-03-23T14:49:05","guid":{"rendered":"https:\/\/lamainnoire.preprod.andycamicci.fr\/?post_type=product&#038;p=1416"},"modified":"2026-04-09T12:05:35","modified_gmt":"2026-04-09T10:05:35","slug":"mousseur-a-lait-manuel-bodum","status":"publish","type":"product","link":"https:\/\/lamainnoirecollective.com\/en\/product\/mousseur-a-lait-manuel-bodum\/","title":{"rendered":"Bodum manual milk frother"},"content":{"rendered":"<section id=\"ac-block_77cd036fe31849e3e0bf0e1711359aef\" class=\"block-lmn-product-description-tabs\">\r\n\r\n    <div class=\"container container-small\">\r\n\r\n        <div class=\"tabs-title\">\r\n                                            <div id=\"description\" class=\"tab active\" data-tab=\"description\">\r\n                    <h2 class=\"tab-title\"><button>Description<\/button><\/h2>\r\n                <\/div>\r\n                                            <div id=\"materiaux\" class=\"tab\" data-tab=\"materiaux\">\r\n                    <h2 class=\"tab-title\"><button>Materials<\/button><\/h2>\r\n                <\/div>\r\n                                            <div id=\"comment-lutiliser\" class=\"tab\" data-tab=\"comment-lutiliser\">\r\n                    <h2 class=\"tab-title\"><button>How to use it<\/button><\/h2>\r\n                <\/div>\r\n                    <\/div>\r\n\r\n        <div class=\"tabs-content\">\r\n                                            <div class=\"tab active\" data-tab=\"description\">\r\n                    \r\n                    <h2 class=\"tab-title\"><button>Description<span>&nbsp;+<\/span><\/button><\/h2>\r\n                    \r\n                    <div class=\"tab-content-container\">\r\n\r\n                                                    <div class=\"image\">\r\n                                <img decoding=\"async\" src=\"https:\/\/lamainnoirecollective.com\/wp-content\/uploads\/2026\/03\/bodum-packshot-1024x1024.png\" alt=\"\" >                            <\/div>\r\n                        \r\n                            \r\n                        <div class=\"content\">\r\n                            <p>Discover the Bodum manual milk frother. This handy little gadget works perfectly with plant-based milk (we recommend Barista oat milk). Simply heat your milk, pour it into the frother, and you&#039;re good to go! You&#039;ll get creamy, smooth milk in seconds!<\/p>\n<p>Bodum is a very good Danish brand specializing in beverage equipment. Their products are made in Portugal.<\/p>\n                        <\/div>\r\n                        \r\n                    <\/div>\r\n                    \r\n                <\/div>\r\n                                            <div class=\"tab\" data-tab=\"materiaux\">\r\n                    \r\n                    <h2 class=\"tab-title\"><button>Materials<span>&nbsp;+<\/span><\/button><\/h2>\r\n                    \r\n                    <div class=\"tab-content-container\">\r\n\r\n                            \r\n                        <div class=\"content\">\r\n                            <p>This manual milk frother is made of premium borosilicate glass with a stainless steel and plastic piston, for a perfect latte experience at home.<\/p>\n                        <\/div>\r\n                        \r\n                    <\/div>\r\n                    \r\n                <\/div>\r\n                                            <div class=\"tab\" data-tab=\"comment-lutiliser\">\r\n                    \r\n                    <h2 class=\"tab-title\"><button>How to use it<span>&nbsp;+<\/span><\/button><\/h2>\r\n                    \r\n                    <div class=\"tab-content-container\">\r\n\r\n                            \r\n                        <div class=\"content\">\r\n                            <p>Keep the milk at the surface while frothing. In just a few seconds, you&#039;ll have a micro-foam perfect for latte art.<\/p>\n<p>For maintenance: Wash the milk frother in warm soapy water before first use and dry it thoroughly. After use, all parts are dishwasher safe.<\/p>\n                        <\/div>\r\n                        \r\n                    <\/div>\r\n                    \r\n                <\/div>\r\n                    <\/div>\r\n        \r\n    <\/div>\r\n\r\n    \r\n<\/section>\r\n\n\n\r\n<div \r\n    id=\"ac-block_cb2cadad442e86a7ba7b2729336db64a\" \r\n    class=\"block-lmn-spacing spacing-100\" \r\n    ><\/div>\r\n\n\n\n\n\n\n\n\n\n\n\n\n\n\n\n\n\n\n\n\n\n\n\r\n<section id=\"ac-block_8378a3cba933985c9b04fc09ca6ae838\" class=\"block-lmn-slider-products products-display-slider\">\r\n\r\n            \r\n\r\n<div class=\"container container-normal\">\r\n\r\n    \r\n    <div class=\"title-container\">\r\n\r\n        <div class=\"title-component--item layout-simple\">\r\n\r\n            <div class=\"title-column\">\r\n                            \r\n                                    <h2 class=\"title\">Discover our other goodies &amp; gift sets<\/h2>                            \r\n                            \r\n                            <\/div>\r\n\r\n            \r\n        <\/div>\r\n\r\n    <\/div>\r\n<\/div>        \r\n    <div class=\"container\">\r\n\r\n                \r\n            <div class=\"slider-container\">\r\n    \r\n                <div class=\"splide\">\r\n                    <div class=\"splide__track\">\r\n                        <div class=\"splide__list\">\r\n                                                            <div class=\"splide__slide item\">\r\n                                    \r\n<article class=\"lmn-stock-status-instock\">\r\n\r\n    <a href=\"https:\/\/lamainnoirecollective.com\/en\/product\/coffret-foamy-chai\/\">\r\n\r\n        <div class=\"product-image\">\r\n\r\n                        \r\n            <img loading=\"lazy\" decoding=\"async\" width=\"300\" height=\"300\" src=\"https:\/\/lamainnoirecollective.com\/wp-content\/uploads\/2026\/03\/foamy-300x300.png\" class=\"attachment-medium size-medium\" alt=\"Coffret Foamy Chai\" srcset=\"https:\/\/lamainnoirecollective.com\/wp-content\/uploads\/2026\/03\/foamy-300x300.png 300w, https:\/\/lamainnoirecollective.com\/wp-content\/uploads\/2026\/03\/foamy-1024x1024.png 1024w, https:\/\/lamainnoirecollective.com\/wp-content\/uploads\/2026\/03\/foamy-150x150.png 150w, https:\/\/lamainnoirecollective.com\/wp-content\/uploads\/2026\/03\/foamy-768x768.png 768w, https:\/\/lamainnoirecollective.com\/wp-content\/uploads\/2026\/03\/foamy-12x12.png 12w, https:\/\/lamainnoirecollective.com\/wp-content\/uploads\/2026\/03\/foamy-600x600.png 600w, https:\/\/lamainnoirecollective.com\/wp-content\/uploads\/2026\/03\/foamy-100x100.png 100w, https:\/\/lamainnoirecollective.com\/wp-content\/uploads\/2026\/03\/foamy.png 1080w\" sizes=\"auto, (max-width: 300px) 100vw, 300px\" \/>        <\/div>\r\n\r\n    <\/a>\r\n\r\n            <div class=\"product-tags\">\r\n                                            <a href=\"https:\/\/lamainnoirecollective.com\/en\/product-tag\/chai\/\" rel=\"tag\">chai<\/a>\r\n                                            <a href=\"https:\/\/lamainnoirecollective.com\/en\/product-tag\/mousseur-a-lait\/\" rel=\"tag\">milk frother<\/a>\r\n                                            <a href=\"https:\/\/lamainnoirecollective.com\/en\/product-tag\/passoire\/\" rel=\"tag\">strainer<\/a>\r\n                    <\/div>\r\n    \r\n    \r\n    <div class=\"title-container\">\r\n        <h3 class=\"product-title\">\r\n            <a href=\"https:\/\/lamainnoirecollective.com\/en\/product\/coffret-foamy-chai\/\">\r\n                Foamy Chai Gift Set            <\/a>\r\n        <\/h3>\r\n\r\n        <span class=\"price\"><span class=\"woocommerce-Price-amount amount\" aria-hidden=\"true\">43,50&nbsp;<span class=\"woocommerce-Price-currencySymbol\">&euro;<\/span><\/span> <span aria-hidden=\"true\">&ndash;<\/span> <span class=\"woocommerce-Price-amount amount\" aria-hidden=\"true\">44,90&nbsp;<span class=\"woocommerce-Price-currencySymbol\">&euro;<\/span><\/span><span class=\"screen-reader-text\" data-no-translation=\"\" data-trp-gettext=\"\">Price range: 43,50&nbsp;&euro; through 44,90&nbsp;&euro;<\/span><\/span>\r\n    <\/div>\r\n\r\n    <div class=\"add-to-cart-container\">\r\n        <a href=\"https:\/\/lamainnoirecollective.com\/en\/product\/coffret-foamy-chai\/\" \r\n            class=\"button add_to_cart_button\" \r\n            aria-label=\"Add &quot;Foamy Chai Box&quot; to your cart\" \r\n            rel=\"nofollow\">\r\n            Select options        <\/a>\r\n    <\/div>\r\n\r\n\r\n<\/article>                                <\/div>\r\n                                                            <div class=\"splide__slide item\">\r\n                                    \r\n<article class=\"lmn-stock-status-instock\">\r\n\r\n    <a href=\"https:\/\/lamainnoirecollective.com\/en\/product\/passoire-pour-chai-latte-paste\/\">\r\n\r\n        <div class=\"product-image\">\r\n\r\n                        \r\n            <img loading=\"lazy\" decoding=\"async\" width=\"300\" height=\"200\" src=\"https:\/\/lamainnoirecollective.com\/wp-content\/uploads\/2026\/03\/A7408366-Antoine-Jaussaud-300x200.jpg\" class=\"attachment-medium size-medium\" alt=\"Passoire pour Chai latte &amp; Paste\" srcset=\"https:\/\/lamainnoirecollective.com\/wp-content\/uploads\/2026\/03\/A7408366-Antoine-Jaussaud-300x200.jpg 300w, https:\/\/lamainnoirecollective.com\/wp-content\/uploads\/2026\/03\/A7408366-Antoine-Jaussaud-1024x683.jpg 1024w, https:\/\/lamainnoirecollective.com\/wp-content\/uploads\/2026\/03\/A7408366-Antoine-Jaussaud-768x512.jpg 768w, https:\/\/lamainnoirecollective.com\/wp-content\/uploads\/2026\/03\/A7408366-Antoine-Jaussaud-1536x1024.jpg 1536w, https:\/\/lamainnoirecollective.com\/wp-content\/uploads\/2026\/03\/A7408366-Antoine-Jaussaud-18x12.jpg 18w, https:\/\/lamainnoirecollective.com\/wp-content\/uploads\/2026\/03\/A7408366-Antoine-Jaussaud-600x400.jpg 600w, https:\/\/lamainnoirecollective.com\/wp-content\/uploads\/2026\/03\/A7408366-Antoine-Jaussaud.jpg 2048w\" sizes=\"auto, (max-width: 300px) 100vw, 300px\" \/>        <\/div>\r\n\r\n    <\/a>\r\n\r\n            <div class=\"product-tags\">\r\n                                            <a href=\"https:\/\/lamainnoirecollective.com\/en\/product-tag\/filtre\/\" rel=\"tag\">filtered<\/a>\r\n                                            <a href=\"https:\/\/lamainnoirecollective.com\/en\/product-tag\/passoire\/\" rel=\"tag\">strainer<\/a>\r\n                    <\/div>\r\n    \r\n    \r\n    <div class=\"title-container\">\r\n        <h3 class=\"product-title\">\r\n            <a href=\"https:\/\/lamainnoirecollective.com\/en\/product\/passoire-pour-chai-latte-paste\/\">\r\n                Chai latte &amp; Paste strainer            <\/a>\r\n        <\/h3>\r\n\r\n        <span class=\"price\"><span class=\"woocommerce-Price-amount amount\">10,80&nbsp;<span class=\"woocommerce-Price-currencySymbol\">\u20ac<\/span><\/span><\/span>\r\n    <\/div>\r\n\r\n    <div class=\"add-to-cart-container\">\r\n        <a href=\"\/en\/wp-json\/wp\/v2\/product\/1416?add-to-cart=1423\" \r\n            class=\"button add_to_cart_button\" \r\n            aria-label=\"Add &quot;Chai Latte &amp; Paste Strainer&quot; to your cart\" \r\n            rel=\"nofollow\">\r\n            Add to basket        <\/a>\r\n    <\/div>\r\n\r\n\r\n<\/article>                                <\/div>\r\n                                                            <div class=\"splide__slide item\">\r\n                                    \r\n<article class=\"lmn-stock-status-instock\">\r\n\r\n    <a href=\"https:\/\/lamainnoirecollective.com\/en\/product\/box-decouverte-personnalisee-paste-sticky-chai\/\">\r\n\r\n        <div class=\"product-image\">\r\n\r\n                        \r\n            <img loading=\"lazy\" decoding=\"async\" width=\"300\" height=\"200\" src=\"https:\/\/lamainnoirecollective.com\/wp-content\/uploads\/2026\/03\/A7408386-Antoine-Jaussaud-300x200.jpg\" class=\"attachment-medium size-medium\" alt=\"Box d\u00e9couverte Personnalis\u00e9e Paste &amp; Sticky Chai\" srcset=\"https:\/\/lamainnoirecollective.com\/wp-content\/uploads\/2026\/03\/A7408386-Antoine-Jaussaud-300x200.jpg 300w, https:\/\/lamainnoirecollective.com\/wp-content\/uploads\/2026\/03\/A7408386-Antoine-Jaussaud-1024x683.jpg 1024w, https:\/\/lamainnoirecollective.com\/wp-content\/uploads\/2026\/03\/A7408386-Antoine-Jaussaud-768x512.jpg 768w, https:\/\/lamainnoirecollective.com\/wp-content\/uploads\/2026\/03\/A7408386-Antoine-Jaussaud-1536x1024.jpg 1536w, https:\/\/lamainnoirecollective.com\/wp-content\/uploads\/2026\/03\/A7408386-Antoine-Jaussaud-18x12.jpg 18w, https:\/\/lamainnoirecollective.com\/wp-content\/uploads\/2026\/03\/A7408386-Antoine-Jaussaud-600x400.jpg 600w, https:\/\/lamainnoirecollective.com\/wp-content\/uploads\/2026\/03\/A7408386-Antoine-Jaussaud.jpg 2048w\" sizes=\"auto, (max-width: 300px) 100vw, 300px\" \/>        <\/div>\r\n\r\n    <\/a>\r\n\r\n            <div class=\"product-tags\">\r\n                                            <a href=\"https:\/\/lamainnoirecollective.com\/en\/product-tag\/bien-etre\/\" rel=\"tag\">well-being<\/a>\r\n                                            <a href=\"https:\/\/lamainnoirecollective.com\/en\/product-tag\/coffret\/\" rel=\"tag\">box<\/a>\r\n                                            <a href=\"https:\/\/lamainnoirecollective.com\/en\/product-tag\/decouverte\/\" rel=\"tag\">discovery<\/a>\r\n                    <\/div>\r\n    \r\n    \r\n    <div class=\"title-container\">\r\n        <h3 class=\"product-title\">\r\n            <a href=\"https:\/\/lamainnoirecollective.com\/en\/product\/box-decouverte-personnalisee-paste-sticky-chai\/\">\r\n                Personalized Paste &amp; Sticky Chai Discovery Box            <\/a>\r\n        <\/h3>\r\n\r\n        <span class=\"price\"><span class=\"woocommerce-Price-amount amount\" aria-hidden=\"true\">39,50&nbsp;<span class=\"woocommerce-Price-currencySymbol\">&euro;<\/span><\/span> <span aria-hidden=\"true\">&ndash;<\/span> <span class=\"woocommerce-Price-amount amount\" aria-hidden=\"true\">53,50&nbsp;<span class=\"woocommerce-Price-currencySymbol\">&euro;<\/span><\/span><span class=\"screen-reader-text\" data-no-translation=\"\" data-trp-gettext=\"\">Price range: 39,50&nbsp;&euro; through 53,50&nbsp;&euro;<\/span><\/span>\r\n    <\/div>\r\n\r\n    <div class=\"add-to-cart-container\">\r\n        <a href=\"https:\/\/lamainnoirecollective.com\/en\/product\/box-decouverte-personnalisee-paste-sticky-chai\/\" \r\n            class=\"button add_to_cart_button\" \r\n            aria-label=\"Add &quot;Personalized Discovery Box Paste &amp; Sticky Chai&quot; to your cart\" \r\n            rel=\"nofollow\">\r\n            Select options        <\/a>\r\n    <\/div>\r\n\r\n\r\n<\/article>                                <\/div>\r\n                                                    <\/div>\r\n                    <\/div>\r\n                <\/div>\r\n    \r\n            <\/div>\r\n            \r\n        \r\n\r\n\r\n    <\/div>\r\n\r\n        \r\n<\/section>\r\n\n\n\n<p><\/p>","protected":false},"excerpt":{"rendered":"<p>Here&#039;s your ally for a creamy latte at home, just like in your favorite coffee shop.<\/p>","protected":false},"featured_media":2037,"comment_status":"open","ping_status":"closed","template":"","meta":{"_acf_changed":true},"product_sale_tag":[],"product_brand":[],"product_cat":[53],"product_tag":[80,92],"class_list":{"0":"post-1416","1":"product","2":"type-product","3":"status-publish","4":"has-post-thumbnail","6":"product_cat-goodies","7":"product_tag-mousseur-a-lait","8":"product_tag-practicite","10":"first","11":"instock","12":"taxable","13":"shipping-taxable","14":"purchasable","15":"product-type-simple"},"exclude_global_add_ons":[],"addons":[],"acf":[],"yoast_head":"<!-- This site is optimized with the Yoast SEO plugin v27.4 - https:\/\/yoast.com\/product\/yoast-seo-wordpress\/ -->\n<title>Mousseur \u00e0 lait manuel Bodum - La Main Noire<\/title>\n<meta name=\"description\" content=\"Voici votre alli\u00e9 pour un latte \u00e0 la maison bien cr\u00e9meux comme dans votre coffee shop pr\u00e9f\u00e9r\u00e9.\" \/>\n<meta name=\"robots\" content=\"index, follow, max-snippet:-1, max-image-preview:large, max-video-preview:-1\" \/>\n<link rel=\"canonical\" href=\"https:\/\/lamainnoirecollective.com\/en\/product\/mousseur-a-lait-manuel-bodum\/\" \/>\n<meta property=\"og:locale\" content=\"en_GB\" \/>\n<meta property=\"og:type\" content=\"article\" \/>\n<meta property=\"og:title\" content=\"Mousseur \u00e0 lait manuel Bodum - La Main Noire\" \/>\n<meta property=\"og:description\" content=\"Voici votre alli\u00e9 pour un latte \u00e0 la maison bien cr\u00e9meux comme dans votre coffee shop pr\u00e9f\u00e9r\u00e9.\" \/>\n<meta property=\"og:url\" content=\"https:\/\/lamainnoirecollective.com\/en\/product\/mousseur-a-lait-manuel-bodum\/\" \/>\n<meta property=\"og:site_name\" content=\"La Main Noire\" \/>\n<meta property=\"article:modified_time\" content=\"2026-04-09T10:05:35+00:00\" \/>\n<meta property=\"og:image\" content=\"https:\/\/lamainnoirecollective.com\/wp-content\/uploads\/2026\/03\/bodum.webp\" \/>\n\t<meta property=\"og:image:width\" content=\"1200\" \/>\n\t<meta property=\"og:image:height\" content=\"1200\" \/>\n\t<meta property=\"og:image:type\" content=\"image\/webp\" \/>\n<meta name=\"twitter:card\" content=\"summary_large_image\" \/>\n<meta name=\"twitter:label1\" content=\"Estimated reading time\" \/>\n\t<meta name=\"twitter:data1\" content=\"1 minute\" \/>\n<script type=\"application\/ld+json\" class=\"yoast-schema-graph\">{\"@context\":\"https:\\\/\\\/schema.org\",\"@graph\":[{\"@type\":\"WebPage\",\"@id\":\"https:\\\/\\\/lamainnoirecollective.com\\\/produit\\\/mousseur-a-lait-manuel-bodum\\\/\",\"url\":\"https:\\\/\\\/lamainnoirecollective.com\\\/produit\\\/mousseur-a-lait-manuel-bodum\\\/\",\"name\":\"Mousseur \u00e0 lait manuel Bodum - La Main Noire\",\"isPartOf\":{\"@id\":\"https:\\\/\\\/lamainnoirecollective.com\\\/#website\"},\"primaryImageOfPage\":{\"@id\":\"https:\\\/\\\/lamainnoirecollective.com\\\/produit\\\/mousseur-a-lait-manuel-bodum\\\/#primaryimage\"},\"image\":{\"@id\":\"https:\\\/\\\/lamainnoirecollective.com\\\/produit\\\/mousseur-a-lait-manuel-bodum\\\/#primaryimage\"},\"thumbnailUrl\":\"https:\\\/\\\/lamainnoirecollective.com\\\/wp-content\\\/uploads\\\/2026\\\/03\\\/bodum.webp\",\"datePublished\":\"2026-03-23T14:49:05+00:00\",\"dateModified\":\"2026-04-09T10:05:35+00:00\",\"description\":\"Voici votre alli\u00e9 pour un latte \u00e0 la maison bien cr\u00e9meux comme dans votre coffee shop pr\u00e9f\u00e9r\u00e9.\",\"breadcrumb\":{\"@id\":\"https:\\\/\\\/lamainnoirecollective.com\\\/produit\\\/mousseur-a-lait-manuel-bodum\\\/#breadcrumb\"},\"inLanguage\":\"en-GB\",\"potentialAction\":[{\"@type\":\"ReadAction\",\"target\":[\"https:\\\/\\\/lamainnoirecollective.com\\\/produit\\\/mousseur-a-lait-manuel-bodum\\\/\"]}]},{\"@type\":\"ImageObject\",\"inLanguage\":\"en-GB\",\"@id\":\"https:\\\/\\\/lamainnoirecollective.com\\\/produit\\\/mousseur-a-lait-manuel-bodum\\\/#primaryimage\",\"url\":\"https:\\\/\\\/lamainnoirecollective.com\\\/wp-content\\\/uploads\\\/2026\\\/03\\\/bodum.webp\",\"contentUrl\":\"https:\\\/\\\/lamainnoirecollective.com\\\/wp-content\\\/uploads\\\/2026\\\/03\\\/bodum.webp\",\"width\":1200,\"height\":1200},{\"@type\":\"BreadcrumbList\",\"@id\":\"https:\\\/\\\/lamainnoirecollective.com\\\/produit\\\/mousseur-a-lait-manuel-bodum\\\/#breadcrumb\",\"itemListElement\":[{\"@type\":\"ListItem\",\"position\":1,\"name\":\"Accueil\",\"item\":\"https:\\\/\\\/lamainnoirecollective.com\\\/\"},{\"@type\":\"ListItem\",\"position\":2,\"name\":\"Boutique\",\"item\":\"https:\\\/\\\/lamainnoirecollective.com\\\/boutique\\\/\"},{\"@type\":\"ListItem\",\"position\":3,\"name\":\"Mousseur \u00e0 lait manuel Bodum\"}]},{\"@type\":\"WebSite\",\"@id\":\"https:\\\/\\\/lamainnoirecollective.com\\\/#website\",\"url\":\"https:\\\/\\\/lamainnoirecollective.com\\\/\",\"name\":\"La Main Noire\",\"description\":\"Innovative products for inspired people\",\"publisher\":{\"@id\":\"https:\\\/\\\/lamainnoirecollective.com\\\/#organization\"},\"potentialAction\":[{\"@type\":\"SearchAction\",\"target\":{\"@type\":\"EntryPoint\",\"urlTemplate\":\"https:\\\/\\\/lamainnoirecollective.com\\\/?s={search_term_string}\"},\"query-input\":{\"@type\":\"PropertyValueSpecification\",\"valueRequired\":true,\"valueName\":\"search_term_string\"}}],\"inLanguage\":\"en-GB\"},{\"@type\":\"Organization\",\"@id\":\"https:\\\/\\\/lamainnoirecollective.com\\\/#organization\",\"name\":\"La Main Noire\",\"url\":\"https:\\\/\\\/lamainnoirecollective.com\\\/\",\"logo\":{\"@type\":\"ImageObject\",\"inLanguage\":\"en-GB\",\"@id\":\"https:\\\/\\\/lamainnoirecollective.com\\\/#\\\/schema\\\/logo\\\/image\\\/\",\"url\":\"https:\\\/\\\/lamainnoirecollective.com\\\/wp-content\\\/uploads\\\/2025\\\/12\\\/logo-la-main-noire.png\",\"contentUrl\":\"https:\\\/\\\/lamainnoirecollective.com\\\/wp-content\\\/uploads\\\/2025\\\/12\\\/logo-la-main-noire.png\",\"width\":92,\"height\":124,\"caption\":\"La Main Noire\"},\"image\":{\"@id\":\"https:\\\/\\\/lamainnoirecollective.com\\\/#\\\/schema\\\/logo\\\/image\\\/\"}}]}<\/script>\n<!-- \/ Yoast SEO plugin. -->","yoast_head_json":{"title":"Mousseur \u00e0 lait manuel Bodum - La Main Noire","description":"Here&#039;s your ally for a creamy latte at home, just like in your favorite coffee shop.","robots":{"index":"index","follow":"follow","max-snippet":"max-snippet:-1","max-image-preview":"max-image-preview:large","max-video-preview":"max-video-preview:-1"},"canonical":"https:\/\/lamainnoirecollective.com\/en\/product\/mousseur-a-lait-manuel-bodum\/","og_locale":"en_GB","og_type":"article","og_title":"Mousseur \u00e0 lait manuel Bodum - La Main Noire","og_description":"Voici votre alli\u00e9 pour un latte \u00e0 la maison bien cr\u00e9meux comme dans votre coffee shop pr\u00e9f\u00e9r\u00e9.","og_url":"https:\/\/lamainnoirecollective.com\/en\/product\/mousseur-a-lait-manuel-bodum\/","og_site_name":"La Main Noire","article_modified_time":"2026-04-09T10:05:35+00:00","og_image":[{"width":1200,"height":1200,"url":"https:\/\/lamainnoirecollective.com\/wp-content\/uploads\/2026\/03\/bodum.webp","type":"image\/webp"}],"twitter_card":"summary_large_image","twitter_misc":{"Estimated reading time":"1 minute"},"schema":{"@context":"https:\/\/schema.org","@graph":[{"@type":"WebPage","@id":"https:\/\/lamainnoirecollective.com\/produit\/mousseur-a-lait-manuel-bodum\/","url":"https:\/\/lamainnoirecollective.com\/produit\/mousseur-a-lait-manuel-bodum\/","name":"Mousseur \u00e0 lait manuel Bodum - La Main Noire","isPartOf":{"@id":"https:\/\/lamainnoirecollective.com\/#website"},"primaryImageOfPage":{"@id":"https:\/\/lamainnoirecollective.com\/produit\/mousseur-a-lait-manuel-bodum\/#primaryimage"},"image":{"@id":"https:\/\/lamainnoirecollective.com\/produit\/mousseur-a-lait-manuel-bodum\/#primaryimage"},"thumbnailUrl":"https:\/\/lamainnoirecollective.com\/wp-content\/uploads\/2026\/03\/bodum.webp","datePublished":"2026-03-23T14:49:05+00:00","dateModified":"2026-04-09T10:05:35+00:00","description":"Here&#039;s your ally for a creamy latte at home, just like in your favorite coffee shop.","breadcrumb":{"@id":"https:\/\/lamainnoirecollective.com\/produit\/mousseur-a-lait-manuel-bodum\/#breadcrumb"},"inLanguage":"en-GB","potentialAction":[{"@type":"ReadAction","target":["https:\/\/lamainnoirecollective.com\/produit\/mousseur-a-lait-manuel-bodum\/"]}]},{"@type":"ImageObject","inLanguage":"en-GB","@id":"https:\/\/lamainnoirecollective.com\/produit\/mousseur-a-lait-manuel-bodum\/#primaryimage","url":"https:\/\/lamainnoirecollective.com\/wp-content\/uploads\/2026\/03\/bodum.webp","contentUrl":"https:\/\/lamainnoirecollective.com\/wp-content\/uploads\/2026\/03\/bodum.webp","width":1200,"height":1200},{"@type":"BreadcrumbList","@id":"https:\/\/lamainnoirecollective.com\/produit\/mousseur-a-lait-manuel-bodum\/#breadcrumb","itemListElement":[{"@type":"ListItem","position":1,"name":"Accueil","item":"https:\/\/lamainnoirecollective.com\/"},{"@type":"ListItem","position":2,"name":"Boutique","item":"https:\/\/lamainnoirecollective.com\/boutique\/"},{"@type":"ListItem","position":3,"name":"Mousseur \u00e0 lait manuel Bodum"}]},{"@type":"WebSite","@id":"https:\/\/lamainnoirecollective.com\/#website","url":"https:\/\/lamainnoirecollective.com\/","name":"The Black Hand","description":"Innovative products for inspired people","publisher":{"@id":"https:\/\/lamainnoirecollective.com\/#organization"},"potentialAction":[{"@type":"SearchAction","target":{"@type":"EntryPoint","urlTemplate":"https:\/\/lamainnoirecollective.com\/?s={search_term_string}"},"query-input":{"@type":"PropertyValueSpecification","valueRequired":true,"valueName":"search_term_string"}}],"inLanguage":"en-GB"},{"@type":"Organization","@id":"https:\/\/lamainnoirecollective.com\/#organization","name":"The Black Hand","url":"https:\/\/lamainnoirecollective.com\/","logo":{"@type":"ImageObject","inLanguage":"en-GB","@id":"https:\/\/lamainnoirecollective.com\/#\/schema\/logo\/image\/","url":"https:\/\/lamainnoirecollective.com\/wp-content\/uploads\/2025\/12\/logo-la-main-noire.png","contentUrl":"https:\/\/lamainnoirecollective.com\/wp-content\/uploads\/2025\/12\/logo-la-main-noire.png","width":92,"height":124,"caption":"La Main Noire"},"image":{"@id":"https:\/\/lamainnoirecollective.com\/#\/schema\/logo\/image\/"}}]}},"_links":{"self":[{"href":"https:\/\/lamainnoirecollective.com\/en\/wp-json\/wp\/v2\/product\/1416","targetHints":{"allow":["GET"]}}],"collection":[{"href":"https:\/\/lamainnoirecollective.com\/en\/wp-json\/wp\/v2\/product"}],"about":[{"href":"https:\/\/lamainnoirecollective.com\/en\/wp-json\/wp\/v2\/types\/product"}],"replies":[{"embeddable":true,"href":"https:\/\/lamainnoirecollective.com\/en\/wp-json\/wp\/v2\/comments?post=1416"}],"wp:featuredmedia":[{"embeddable":true,"href":"https:\/\/lamainnoirecollective.com\/en\/wp-json\/wp\/v2\/media\/2037"}],"wp:attachment":[{"href":"https:\/\/lamainnoirecollective.com\/en\/wp-json\/wp\/v2\/media?parent=1416"}],"wp:term":[{"taxonomy":"product_sale_tag","embeddable":true,"href":"https:\/\/lamainnoirecollective.com\/en\/wp-json\/wp\/v2\/product_sale_tag?post=1416"},{"taxonomy":"product_brand","embeddable":true,"href":"https:\/\/lamainnoirecollective.com\/en\/wp-json\/wp\/v2\/product_brand?post=1416"},{"taxonomy":"product_cat","embeddable":true,"href":"https:\/\/lamainnoirecollective.com\/en\/wp-json\/wp\/v2\/product_cat?post=1416"},{"taxonomy":"product_tag","embeddable":true,"href":"https:\/\/lamainnoirecollective.com\/en\/wp-json\/wp\/v2\/product_tag?post=1416"}],"curies":[{"name":"wp","href":"https:\/\/api.w.org\/{rel}","templated":true}]}}